{"id":3687,"date":"2024-04-25T08:06:26","date_gmt":"2024-04-25T08:06:26","guid":{"rendered":"https:\/\/lligams.eu\/accessibilitat\/"},"modified":"2024-06-14T09:14:32","modified_gmt":"2024-06-14T09:14:32","slug":"accessibilitat","status":"publish","type":"page","link":"https:\/\/lligams.eu\/ca\/accessibilitat\/","title":{"rendered":"Accessibilitat"},"content":{"rendered":"\t\t<div data-elementor-type=\"wp-page\" data-elementor-id=\"3687\" class=\"elementor elementor-3687 elementor-2197\" data-elementor-post-type=\"page\">\n\t\t\t\t<div class=\"elementor-element elementor-element-410b19ed e-flex e-con-boxed e-con e-parent\" data-id=\"410b19ed\" data-element_type=\"container\" data-e-type=\"container\">\n\t\t\t\t\t<div class=\"e-con-inner\">\n\t\t\t\t<div class=\"elementor-element elementor-element-9fa5854 elementor-widget__width-inherit elementor-widget elementor-widget-text-editor\" data-id=\"9fa5854\" data-element_type=\"widget\" data-e-type=\"widget\" data-widget_type=\"text-editor.default\">\n\t\t\t\t<div class=\"elementor-widget-container\">\n\t\t\t\t\t\t\t\t\t\n<p><strong>Accessibilitat<\/strong><\/p>\n<p>Aquesta declaraci\u00f3 d&#8217;accessibilitat s&#8217;aplica al web https:\/\/lligams.eu\/:<\/p>\n\n<p><strong>SITUACI\u00d3 DE COMPLIMENT<\/strong><\/p>\n\n<p>Aquest lloc web \u00e9s parcialment conforme amb el <strong>RD 1112\/2018<\/strong> degut a les excepcions ia la manca de conformitat dels aspectes que s&#8217;indiquen al punt seg\u00fcent.<\/p>\n\n<p><strong>CONTINGUT NO ACCESSIBLE<\/strong><\/p>\n\n<p>El contingut que es recull a continuaci\u00f3 no \u00e9s accessible pel seg\u00fcent:<\/p>\n\n<ul>\n<li>Manca de conformitat amb el RD 1112\/2018<\/li>\n\n<li>Podrien existir alguns aspectes de contrast que no compleixin els m\u00ednims exigits, 3:1, pel que fa als colors adjacents del fons de la secci\u00f3 de la web en q\u00fcesti\u00f3. [9 .1.4.11 Contraste no textual]<\/li>\n\n<li>Podrien existir algunes etiquetes o instruccions no etiquetades correctament [9 .3.3.2 Etiquetas o instrucciones]<\/li>\n\n<li>Podrien existir missatges d&#8217;estat que no compleixin els m\u00ednims exigits [9 .4.1.3 Mensajes de estado]<\/li>\n\n<li>Podrien existir suggeriments davant d&#8217;errors que no compleixin els m\u00ednims exigits [9 .3.3.3 Sugerencias ante errores (condicional)]<\/li>\n\n<li>Podrien existir errors en la navegaci\u00f3 seq\u00fcencial per la p\u00e0gina web afectant-ne el significat o l&#8217;operaci\u00f3 [9 .2.4.3 Orden del foco]<\/li>\n\n<li>Podrien existir errors puntuals d&#8217;edici\u00f3 a alguna p\u00e0gina web<\/li>\n<\/ul>\n\n<p>C\u00e0rrega desproporcionada<\/p>\n\n<p>No s&#8217;aplica.<\/p>\n\n<p><strong>PREPARACI\u00d3 DE LA SEG\u00dcENT DECLARACI\u00d3 D&#8217;ACCESSIBILITAT<\/strong><\/p>\n\n<p>Aquesta declaraci\u00f3 va ser preparada el 25 d&#8217;abril de 2024.<\/p>\n\n<p>El m\u00e8tode emprat per preparar la declaraci\u00f3 ha estat una autoavaluaci\u00f3 duta a terme per la pr\u00f2pia empresa.<\/p>\n\n<p><strong>OBSERVACIONS I DADES DE CONTACTE<\/strong><\/p>\n\n<p>Podeu realitzar comunicacions sobre requisits d&#8217;accessibilitat (article 10.2.a del RD 1112\/2018) com ara:<\/p>\n\n<ul>\n<li>Informar sobre qualsevol possible incompliment per part d&#8217;aquest lloc web<\/li>\n\n<li>Transmetre altres dificultats dacc\u00e9s al contingut<\/li>\n\n<li>Formular qualsevol altra consulta o suggeriment de millora relativa a l&#8217;accessibilitat del lloc web<\/li>\n<\/ul>\n\n<p>A trav\u00e9s de l&#8217;email de contacte <span style=\"text-decoration: underline;\">lligamsarquitectura@gmail.com<\/span><\/p>\n\n<p>Podeu presentar:<\/p>\n\n<ul>\n<li><strong>Queixa<\/strong> relativa al compliment dels requisits del RD 1112\/2018 o<\/li>\n\n<li><strong>Sol\u00b7licitud d&#8217;informaci\u00f3 accessible<\/strong> relativa a:<\/li>\n<\/ul>\n\n<p>Continguts que estan exclosos de l&#8217;\u00e0mbit d&#8217;aplicaci\u00f3 del RD 1112\/2018 segons el que estableix l&#8217;article 3, apartat 4<\/p>\n\n<p>Continguts que estan exempts del compliment dels requisits d&#8217;accessibilitat per imposar una c\u00e0rrega desproporcionada.<\/p>\n\n<p>A la Sol\u00b7licitud d&#8217;informaci\u00f3 accessible, cal concretar, amb tota claredat, els fets, les raons i la petici\u00f3 que permetin constatar que es tracta d&#8217;una sol\u00b7licitud raonable i leg\u00edtima.<\/p>\n\n<p>Les queixes i reclamacions sobre informaci\u00f3 accessible es realitzaran a trav\u00e9s de l&#8217;email anterior.<\/p>\n\n<p><strong>PROCEDIMENT D&#8217;APLICACI\u00d3<\/strong><\/p>\n\n<p>Si una vegada realitzada una sol\u00b7licitud d&#8217;informaci\u00f3 accessible o queixa, aquesta ha estat desestimada, no s&#8217;estigu\u00e9s d&#8217;acord amb la decisi\u00f3 adoptada, o la resposta no compl\u00eds els requisits que preveu l&#8217;article 12.5, la persona interessada pot iniciar una reclamaci\u00f3. Igualment es podr\u00e0 iniciar una reclamaci\u00f3 en cas que hagi transcorregut el termini de vint dies h\u00e0bils sense haver obtingut resposta.<\/p>\n\t\t\t\t\t\t\t\t<\/div>\n\t\t\t\t<\/div>\n\t\t\t\t\t<\/div>\n\t\t\t\t<\/div>\n\t\t\t\t<\/div>\n\t\t","protected":false},"excerpt":{"rendered":"<p>Accessibilitat Aquesta declaraci\u00f3 d&#8217;accessibilitat s&#8217;aplica al web https:\/\/lligams.eu\/: SITUACI\u00d3 DE COMPLIMENT Aquest lloc web \u00e9s parcialment conforme amb el RD 1112\/2018 degut a les excepcions ia la manca de conformitat dels aspectes que s&#8217;indiquen al punt seg\u00fcent. CONTINGUT NO ACCESSIBLE El contingut que es recull a continuaci\u00f3 no \u00e9s accessible pel seg\u00fcent: Manca de conformitat [&hellip;]<\/p>\n","protected":false},"author":2,"featured_media":0,"parent":0,"menu_order":0,"comment_status":"closed","ping_status":"closed","template":"","meta":{"inline_featured_image":false,"footnotes":""},"class_list":["post-3687","page","type-page","status-publish","hentry"],"acf":[],"yoast_head":"<!-- This site is optimized with the Yoast SEO plugin v24.5 - https:\/\/yoast.com\/wordpress\/plugins\/seo\/ -->\n<title>Accessibilitat &#8212; LLIGAMS<\/title>\n<meta name=\"robots\" content=\"index, follow, max-snippet:-1, max-image-preview:large, max-video-preview:-1\" \/>\n<link rel=\"canonical\" href=\"https:\/\/lligams.eu\/ca\/accessibilitat\/\" \/>\n<meta property=\"og:locale\" content=\"ca_ES\" \/>\n<meta property=\"og:type\" content=\"article\" \/>\n<meta property=\"og:title\" content=\"Accessibilitat &#8212; LLIGAMS\" \/>\n<meta property=\"og:description\" content=\"Accessibilitat Aquesta declaraci\u00f3 d&#8217;accessibilitat s&#8217;aplica al web https:\/\/lligams.eu\/: SITUACI\u00d3 DE COMPLIMENT Aquest lloc web \u00e9s parcialment conforme amb el RD 1112\/2018 degut a les excepcions ia la manca de conformitat dels aspectes que s&#8217;indiquen al punt seg\u00fcent. CONTINGUT NO ACCESSIBLE El contingut que es recull a continuaci\u00f3 no \u00e9s accessible pel seg\u00fcent: Manca de conformitat [&hellip;]\" \/>\n<meta property=\"og:url\" content=\"https:\/\/lligams.eu\/ca\/accessibilitat\/\" \/>\n<meta property=\"og:site_name\" content=\"LLIGAMS\" \/>\n<meta property=\"article:modified_time\" content=\"2024-06-14T09:14:32+00:00\" \/>\n<meta name=\"twitter:card\" content=\"summary_large_image\" \/>\n<meta name=\"twitter:label1\" content=\"Temps estimat de lectura\" \/>\n\t<meta name=\"twitter:data1\" content=\"2 minuts\" \/>\n<script type=\"application\/ld+json\" class=\"yoast-schema-graph\">{\"@context\":\"https:\/\/schema.org\",\"@graph\":[{\"@type\":\"WebPage\",\"@id\":\"https:\/\/lligams.eu\/ca\/accessibilitat\/\",\"url\":\"https:\/\/lligams.eu\/ca\/accessibilitat\/\",\"name\":\"Accessibilitat &#8212; LLIGAMS\",\"isPartOf\":{\"@id\":\"https:\/\/lligams.eu\/ca\/#website\"},\"datePublished\":\"2024-04-25T08:06:26+00:00\",\"dateModified\":\"2024-06-14T09:14:32+00:00\",\"breadcrumb\":{\"@id\":\"https:\/\/lligams.eu\/ca\/accessibilitat\/#breadcrumb\"},\"inLanguage\":\"ca\",\"potentialAction\":[{\"@type\":\"ReadAction\",\"target\":[\"https:\/\/lligams.eu\/ca\/accessibilitat\/\"]}]},{\"@type\":\"BreadcrumbList\",\"@id\":\"https:\/\/lligams.eu\/ca\/accessibilitat\/#breadcrumb\",\"itemListElement\":[{\"@type\":\"ListItem\",\"position\":1,\"name\":\"Portada\",\"item\":\"https:\/\/lligams.eu\/ca\/projectes-2\/\"},{\"@type\":\"ListItem\",\"position\":2,\"name\":\"Accessibilitat\"}]},{\"@type\":\"WebSite\",\"@id\":\"https:\/\/lligams.eu\/ca\/#website\",\"url\":\"https:\/\/lligams.eu\/ca\/\",\"name\":\"LLIGAMS\",\"description\":\"ESTUDI D&#039;ARQUITECTURA\",\"publisher\":{\"@id\":\"https:\/\/lligams.eu\/ca\/#organization\"},\"potentialAction\":[{\"@type\":\"SearchAction\",\"target\":{\"@type\":\"EntryPoint\",\"urlTemplate\":\"https:\/\/lligams.eu\/ca\/?s={search_term_string}\"},\"query-input\":{\"@type\":\"PropertyValueSpecification\",\"valueRequired\":true,\"valueName\":\"search_term_string\"}}],\"inLanguage\":\"ca\"},{\"@type\":\"Organization\",\"@id\":\"https:\/\/lligams.eu\/ca\/#organization\",\"name\":\"Assut\",\"url\":\"https:\/\/lligams.eu\/ca\/\",\"logo\":{\"@type\":\"ImageObject\",\"inLanguage\":\"ca\",\"@id\":\"https:\/\/lligams.eu\/ca\/#\/schema\/logo\/image\/\",\"url\":\"http:\/\/lligams.eu\/wp-content\/uploads\/2022\/06\/ASSUT.png\",\"contentUrl\":\"http:\/\/lligams.eu\/wp-content\/uploads\/2022\/06\/ASSUT.png\",\"width\":1147,\"height\":233,\"caption\":\"Assut\"},\"image\":{\"@id\":\"https:\/\/lligams.eu\/ca\/#\/schema\/logo\/image\/\"}}]}<\/script>\n<!-- \/ Yoast SEO plugin. -->","yoast_head_json":{"title":"Accessibilitat &#8212; LLIGAMS","robots":{"index":"index","follow":"follow","max-snippet":"max-snippet:-1","max-image-preview":"max-image-preview:large","max-video-preview":"max-video-preview:-1"},"canonical":"https:\/\/lligams.eu\/ca\/accessibilitat\/","og_locale":"ca_ES","og_type":"article","og_title":"Accessibilitat &#8212; LLIGAMS","og_description":"Accessibilitat Aquesta declaraci\u00f3 d&#8217;accessibilitat s&#8217;aplica al web https:\/\/lligams.eu\/: SITUACI\u00d3 DE COMPLIMENT Aquest lloc web \u00e9s parcialment conforme amb el RD 1112\/2018 degut a les excepcions ia la manca de conformitat dels aspectes que s&#8217;indiquen al punt seg\u00fcent. CONTINGUT NO ACCESSIBLE El contingut que es recull a continuaci\u00f3 no \u00e9s accessible pel seg\u00fcent: Manca de conformitat [&hellip;]","og_url":"https:\/\/lligams.eu\/ca\/accessibilitat\/","og_site_name":"LLIGAMS","article_modified_time":"2024-06-14T09:14:32+00:00","twitter_card":"summary_large_image","twitter_misc":{"Temps estimat de lectura":"2 minuts"},"schema":{"@context":"https:\/\/schema.org","@graph":[{"@type":"WebPage","@id":"https:\/\/lligams.eu\/ca\/accessibilitat\/","url":"https:\/\/lligams.eu\/ca\/accessibilitat\/","name":"Accessibilitat &#8212; LLIGAMS","isPartOf":{"@id":"https:\/\/lligams.eu\/ca\/#website"},"datePublished":"2024-04-25T08:06:26+00:00","dateModified":"2024-06-14T09:14:32+00:00","breadcrumb":{"@id":"https:\/\/lligams.eu\/ca\/accessibilitat\/#breadcrumb"},"inLanguage":"ca","potentialAction":[{"@type":"ReadAction","target":["https:\/\/lligams.eu\/ca\/accessibilitat\/"]}]},{"@type":"BreadcrumbList","@id":"https:\/\/lligams.eu\/ca\/accessibilitat\/#breadcrumb","itemListElement":[{"@type":"ListItem","position":1,"name":"Portada","item":"https:\/\/lligams.eu\/ca\/projectes-2\/"},{"@type":"ListItem","position":2,"name":"Accessibilitat"}]},{"@type":"WebSite","@id":"https:\/\/lligams.eu\/ca\/#website","url":"https:\/\/lligams.eu\/ca\/","name":"LLIGAMS","description":"ESTUDI D&#039;ARQUITECTURA","publisher":{"@id":"https:\/\/lligams.eu\/ca\/#organization"},"potentialAction":[{"@type":"SearchAction","target":{"@type":"EntryPoint","urlTemplate":"https:\/\/lligams.eu\/ca\/?s={search_term_string}"},"query-input":{"@type":"PropertyValueSpecification","valueRequired":true,"valueName":"search_term_string"}}],"inLanguage":"ca"},{"@type":"Organization","@id":"https:\/\/lligams.eu\/ca\/#organization","name":"Assut","url":"https:\/\/lligams.eu\/ca\/","logo":{"@type":"ImageObject","inLanguage":"ca","@id":"https:\/\/lligams.eu\/ca\/#\/schema\/logo\/image\/","url":"http:\/\/lligams.eu\/wp-content\/uploads\/2022\/06\/ASSUT.png","contentUrl":"http:\/\/lligams.eu\/wp-content\/uploads\/2022\/06\/ASSUT.png","width":1147,"height":233,"caption":"Assut"},"image":{"@id":"https:\/\/lligams.eu\/ca\/#\/schema\/logo\/image\/"}}]}},"_links":{"self":[{"href":"https:\/\/lligams.eu\/ca\/wp-json\/wp\/v2\/pages\/3687","targetHints":{"allow":["GET"]}}],"collection":[{"href":"https:\/\/lligams.eu\/ca\/wp-json\/wp\/v2\/pages"}],"about":[{"href":"https:\/\/lligams.eu\/ca\/wp-json\/wp\/v2\/types\/page"}],"author":[{"embeddable":true,"href":"https:\/\/lligams.eu\/ca\/wp-json\/wp\/v2\/users\/2"}],"replies":[{"embeddable":true,"href":"https:\/\/lligams.eu\/ca\/wp-json\/wp\/v2\/comments?post=3687"}],"version-history":[{"count":3,"href":"https:\/\/lligams.eu\/ca\/wp-json\/wp\/v2\/pages\/3687\/revisions"}],"predecessor-version":[{"id":3690,"href":"https:\/\/lligams.eu\/ca\/wp-json\/wp\/v2\/pages\/3687\/revisions\/3690"}],"wp:attachment":[{"href":"https:\/\/lligams.eu\/ca\/wp-json\/wp\/v2\/media?parent=3687"}],"curies":[{"name":"wp","href":"https:\/\/api.w.org\/{rel}","templated":true}]}}