{"id":3714,"date":"2023-01-13T10:42:12","date_gmt":"2023-01-13T08:42:12","guid":{"rendered":"https:\/\/lligams.eu\/info\/"},"modified":"2024-06-14T09:31:11","modified_gmt":"2024-06-14T09:31:11","slug":"info","status":"publish","type":"page","link":"https:\/\/lligams.eu\/ca\/info\/","title":{"rendered":"Info"},"content":{"rendered":"\t\t<div data-elementor-type=\"wp-page\" data-elementor-id=\"3714\" class=\"elementor elementor-3714 elementor-380\" data-elementor-post-type=\"page\">\n\t\t\t\t<div class=\"elementor-element elementor-element-2dd8830 e-flex e-con-boxed e-con e-parent\" data-id=\"2dd8830\" data-element_type=\"container\" data-e-type=\"container\">\n\t\t\t\t\t<div class=\"e-con-inner\">\n\t\t<div class=\"elementor-element elementor-element-b5b29ad e-con-full e-flex e-con e-child\" data-id=\"b5b29ad\" data-element_type=\"container\" data-e-type=\"container\">\n\t\t\t\t<div class=\"elementor-element elementor-element-3674aae elementor-widget elementor-widget-text-editor\" data-id=\"3674aae\" data-element_type=\"widget\" data-e-type=\"widget\" data-settings=\"{&quot;sticky&quot;:&quot;top&quot;,&quot;sticky_offset&quot;:160,&quot;sticky_parent&quot;:&quot;yes&quot;,&quot;sticky_on&quot;:[&quot;desktop&quot;],&quot;sticky_effects_offset&quot;:0,&quot;sticky_anchor_link_offset&quot;:0}\" data-widget_type=\"text-editor.default\">\n\t\t\t\t<div class=\"elementor-widget-container\">\n\t\t\t\t\t\t\t\t\t<p>Lorem ipsum dolor sit amet, consectetur adipiscing elit. Morbi praesent pharetra, massa tincidunt aliquam massa congue convallis in. Fringilla non feugiat et aliquam nullam sit ipsum venenatis. Ipsum in donec senectus mattis.<\/p>\n\t\t\t\t\t\t\t\t<\/div>\n\t\t\t\t<\/div>\n\t\t\t\t<div class=\"elementor-element elementor-element-1effdb1 elementor-widget elementor-widget-image\" data-id=\"1effdb1\" data-element_type=\"widget\" data-e-type=\"widget\" data-widget_type=\"image.default\">\n\t\t\t\t<div class=\"elementor-widget-container\">\n\t\t\t\t\t\t\t\t\t\t\t\t\t\t\t<img fetchpriority=\"high\" decoding=\"async\" width=\"800\" height=\"452\" src=\"https:\/\/lligams.eu\/wp-content\/uploads\/2023\/01\/LL_.svg\" class=\"attachment-large size-large wp-image-2694\" alt=\"\" \/>\t\t\t\t\t\t\t\t\t\t\t\t\t\t\t<\/div>\n\t\t\t\t<\/div>\n\t\t\t\t<\/div>\n\t\t\t\t\t<\/div>\n\t\t\t\t<\/div>\n\t\t\t\t<\/div>\n\t\t","protected":false},"excerpt":{"rendered":"<p>Lorem ipsum dolor sit amet, consectetur adipiscing elit. Morbi praesent pharetra, massa tincidunt aliquam massa congue convallis in. Fringilla non feugiat et aliquam nullam sit ipsum venenatis. Ipsum in donec senectus mattis.<\/p>\n","protected":false},"author":2,"featured_media":0,"parent":0,"menu_order":3,"comment_status":"closed","ping_status":"closed","template":"","meta":{"inline_featured_image":false,"footnotes":""},"class_list":["post-3714","page","type-page","status-publish","hentry"],"acf":[],"yoast_head":"<!-- This site is optimized with the Yoast SEO plugin v24.5 - https:\/\/yoast.com\/wordpress\/plugins\/seo\/ -->\n<title>Sobre Lligams<\/title>\n<meta name=\"description\" content=\"Sobre Lligams. Des de consultoria en disseny urb\u00e0 fins a planificaci\u00f3 d&#039;interiors, estem compromesos a transformar idees en espais funcionals i est\u00e8ticament atractius.\" \/>\n<meta name=\"robots\" content=\"index, follow, max-snippet:-1, max-image-preview:large, max-video-preview:-1\" \/>\n<link rel=\"canonical\" href=\"https:\/\/lligams.eu\/ca\/info\/\" \/>\n<meta property=\"og:locale\" content=\"ca_ES\" \/>\n<meta property=\"og:type\" content=\"article\" \/>\n<meta property=\"og:title\" content=\"Sobre Lligams\" \/>\n<meta property=\"og:description\" content=\"Sobre Lligams. Des de consultoria en disseny urb\u00e0 fins a planificaci\u00f3 d&#039;interiors, estem compromesos a transformar idees en espais funcionals i est\u00e8ticament atractius.\" \/>\n<meta property=\"og:url\" content=\"https:\/\/lligams.eu\/ca\/info\/\" \/>\n<meta property=\"og:site_name\" content=\"LLIGAMS\" \/>\n<meta property=\"article:modified_time\" content=\"2024-06-14T09:31:11+00:00\" \/>\n<meta property=\"og:image\" content=\"https:\/\/lligams.eu\/wp-content\/uploads\/2023\/01\/LL_.svg\" \/>\n<meta name=\"twitter:card\" content=\"summary_large_image\" \/>\n<script type=\"application\/ld+json\" class=\"yoast-schema-graph\">{\"@context\":\"https:\/\/schema.org\",\"@graph\":[{\"@type\":\"WebPage\",\"@id\":\"https:\/\/lligams.eu\/ca\/info\/\",\"url\":\"https:\/\/lligams.eu\/ca\/info\/\",\"name\":\"Sobre Lligams\",\"isPartOf\":{\"@id\":\"https:\/\/lligams.eu\/ca\/#website\"},\"primaryImageOfPage\":{\"@id\":\"https:\/\/lligams.eu\/ca\/info\/#primaryimage\"},\"image\":{\"@id\":\"https:\/\/lligams.eu\/ca\/info\/#primaryimage\"},\"thumbnailUrl\":\"https:\/\/lligams.eu\/wp-content\/uploads\/2023\/01\/LL_.svg\",\"datePublished\":\"2023-01-13T08:42:12+00:00\",\"dateModified\":\"2024-06-14T09:31:11+00:00\",\"description\":\"Sobre Lligams. Des de consultoria en disseny urb\u00e0 fins a planificaci\u00f3 d'interiors, estem compromesos a transformar idees en espais funcionals i est\u00e8ticament atractius.\",\"breadcrumb\":{\"@id\":\"https:\/\/lligams.eu\/ca\/info\/#breadcrumb\"},\"inLanguage\":\"ca\",\"potentialAction\":[{\"@type\":\"ReadAction\",\"target\":[\"https:\/\/lligams.eu\/ca\/info\/\"]}]},{\"@type\":\"ImageObject\",\"inLanguage\":\"ca\",\"@id\":\"https:\/\/lligams.eu\/ca\/info\/#primaryimage\",\"url\":\"https:\/\/lligams.eu\/wp-content\/uploads\/2023\/01\/LL_.svg\",\"contentUrl\":\"https:\/\/lligams.eu\/wp-content\/uploads\/2023\/01\/LL_.svg\"},{\"@type\":\"BreadcrumbList\",\"@id\":\"https:\/\/lligams.eu\/ca\/info\/#breadcrumb\",\"itemListElement\":[{\"@type\":\"ListItem\",\"position\":1,\"name\":\"Portada\",\"item\":\"https:\/\/lligams.eu\/ca\/projectes-2\/\"},{\"@type\":\"ListItem\",\"position\":2,\"name\":\"Info\"}]},{\"@type\":\"WebSite\",\"@id\":\"https:\/\/lligams.eu\/ca\/#website\",\"url\":\"https:\/\/lligams.eu\/ca\/\",\"name\":\"LLIGAMS\",\"description\":\"ESTUDI D&#039;ARQUITECTURA\",\"publisher\":{\"@id\":\"https:\/\/lligams.eu\/ca\/#organization\"},\"potentialAction\":[{\"@type\":\"SearchAction\",\"target\":{\"@type\":\"EntryPoint\",\"urlTemplate\":\"https:\/\/lligams.eu\/ca\/?s={search_term_string}\"},\"query-input\":{\"@type\":\"PropertyValueSpecification\",\"valueRequired\":true,\"valueName\":\"search_term_string\"}}],\"inLanguage\":\"ca\"},{\"@type\":\"Organization\",\"@id\":\"https:\/\/lligams.eu\/ca\/#organization\",\"name\":\"Assut\",\"url\":\"https:\/\/lligams.eu\/ca\/\",\"logo\":{\"@type\":\"ImageObject\",\"inLanguage\":\"ca\",\"@id\":\"https:\/\/lligams.eu\/ca\/#\/schema\/logo\/image\/\",\"url\":\"http:\/\/lligams.eu\/wp-content\/uploads\/2022\/06\/ASSUT.png\",\"contentUrl\":\"http:\/\/lligams.eu\/wp-content\/uploads\/2022\/06\/ASSUT.png\",\"width\":1147,\"height\":233,\"caption\":\"Assut\"},\"image\":{\"@id\":\"https:\/\/lligams.eu\/ca\/#\/schema\/logo\/image\/\"}}]}<\/script>\n<!-- \/ Yoast SEO plugin. -->","yoast_head_json":{"title":"Sobre Lligams","description":"Sobre Lligams. Des de consultoria en disseny urb\u00e0 fins a planificaci\u00f3 d'interiors, estem compromesos a transformar idees en espais funcionals i est\u00e8ticament atractius.","robots":{"index":"index","follow":"follow","max-snippet":"max-snippet:-1","max-image-preview":"max-image-preview:large","max-video-preview":"max-video-preview:-1"},"canonical":"https:\/\/lligams.eu\/ca\/info\/","og_locale":"ca_ES","og_type":"article","og_title":"Sobre Lligams","og_description":"Sobre Lligams. Des de consultoria en disseny urb\u00e0 fins a planificaci\u00f3 d'interiors, estem compromesos a transformar idees en espais funcionals i est\u00e8ticament atractius.","og_url":"https:\/\/lligams.eu\/ca\/info\/","og_site_name":"LLIGAMS","article_modified_time":"2024-06-14T09:31:11+00:00","og_image":[{"url":"https:\/\/lligams.eu\/wp-content\/uploads\/2023\/01\/LL_.svg","type":"","width":"","height":""}],"twitter_card":"summary_large_image","schema":{"@context":"https:\/\/schema.org","@graph":[{"@type":"WebPage","@id":"https:\/\/lligams.eu\/ca\/info\/","url":"https:\/\/lligams.eu\/ca\/info\/","name":"Sobre Lligams","isPartOf":{"@id":"https:\/\/lligams.eu\/ca\/#website"},"primaryImageOfPage":{"@id":"https:\/\/lligams.eu\/ca\/info\/#primaryimage"},"image":{"@id":"https:\/\/lligams.eu\/ca\/info\/#primaryimage"},"thumbnailUrl":"https:\/\/lligams.eu\/wp-content\/uploads\/2023\/01\/LL_.svg","datePublished":"2023-01-13T08:42:12+00:00","dateModified":"2024-06-14T09:31:11+00:00","description":"Sobre Lligams. Des de consultoria en disseny urb\u00e0 fins a planificaci\u00f3 d'interiors, estem compromesos a transformar idees en espais funcionals i est\u00e8ticament atractius.","breadcrumb":{"@id":"https:\/\/lligams.eu\/ca\/info\/#breadcrumb"},"inLanguage":"ca","potentialAction":[{"@type":"ReadAction","target":["https:\/\/lligams.eu\/ca\/info\/"]}]},{"@type":"ImageObject","inLanguage":"ca","@id":"https:\/\/lligams.eu\/ca\/info\/#primaryimage","url":"https:\/\/lligams.eu\/wp-content\/uploads\/2023\/01\/LL_.svg","contentUrl":"https:\/\/lligams.eu\/wp-content\/uploads\/2023\/01\/LL_.svg"},{"@type":"BreadcrumbList","@id":"https:\/\/lligams.eu\/ca\/info\/#breadcrumb","itemListElement":[{"@type":"ListItem","position":1,"name":"Portada","item":"https:\/\/lligams.eu\/ca\/projectes-2\/"},{"@type":"ListItem","position":2,"name":"Info"}]},{"@type":"WebSite","@id":"https:\/\/lligams.eu\/ca\/#website","url":"https:\/\/lligams.eu\/ca\/","name":"LLIGAMS","description":"ESTUDI D&#039;ARQUITECTURA","publisher":{"@id":"https:\/\/lligams.eu\/ca\/#organization"},"potentialAction":[{"@type":"SearchAction","target":{"@type":"EntryPoint","urlTemplate":"https:\/\/lligams.eu\/ca\/?s={search_term_string}"},"query-input":{"@type":"PropertyValueSpecification","valueRequired":true,"valueName":"search_term_string"}}],"inLanguage":"ca"},{"@type":"Organization","@id":"https:\/\/lligams.eu\/ca\/#organization","name":"Assut","url":"https:\/\/lligams.eu\/ca\/","logo":{"@type":"ImageObject","inLanguage":"ca","@id":"https:\/\/lligams.eu\/ca\/#\/schema\/logo\/image\/","url":"http:\/\/lligams.eu\/wp-content\/uploads\/2022\/06\/ASSUT.png","contentUrl":"http:\/\/lligams.eu\/wp-content\/uploads\/2022\/06\/ASSUT.png","width":1147,"height":233,"caption":"Assut"},"image":{"@id":"https:\/\/lligams.eu\/ca\/#\/schema\/logo\/image\/"}}]}},"_links":{"self":[{"href":"https:\/\/lligams.eu\/ca\/wp-json\/wp\/v2\/pages\/3714","targetHints":{"allow":["GET"]}}],"collection":[{"href":"https:\/\/lligams.eu\/ca\/wp-json\/wp\/v2\/pages"}],"about":[{"href":"https:\/\/lligams.eu\/ca\/wp-json\/wp\/v2\/types\/page"}],"author":[{"embeddable":true,"href":"https:\/\/lligams.eu\/ca\/wp-json\/wp\/v2\/users\/2"}],"replies":[{"embeddable":true,"href":"https:\/\/lligams.eu\/ca\/wp-json\/wp\/v2\/comments?post=3714"}],"version-history":[{"count":1,"href":"https:\/\/lligams.eu\/ca\/wp-json\/wp\/v2\/pages\/3714\/revisions"}],"predecessor-version":[{"id":3715,"href":"https:\/\/lligams.eu\/ca\/wp-json\/wp\/v2\/pages\/3714\/revisions\/3715"}],"wp:attachment":[{"href":"https:\/\/lligams.eu\/ca\/wp-json\/wp\/v2\/media?parent=3714"}],"curies":[{"name":"wp","href":"https:\/\/api.w.org\/{rel}","templated":true}]}}